{"id":872,"date":"2024-03-18T18:21:31","date_gmt":"2024-03-18T18:21:31","guid":{"rendered":"https:\/\/soulprint-band.de\/?page_id=872"},"modified":"2024-03-19T13:42:15","modified_gmt":"2024-03-19T13:42:15","slug":"faq","status":"publish","type":"page","link":"https:\/\/soulprint-band.de\/index.php\/faq\/","title":{"rendered":"FAQ"},"content":{"rendered":"<div  data-label=\"Cta\" data-id=\"cta--1\" data-export-id=\"cta-centered-bg-section\" data-category=\"cta\" data-section-ov=\"1\" class=\"cta-centered-bg-section content-section content-section-spacing-medium white-text\" data-parallax-depth=\"20\" id=\"cta-1\" style=\"background-color: rgb(38, 38, 38); background-image: none;\"><div  class=\"gridContainer\"> <div  class=\"row text-center\"><div  data-type=\"column\" class=\"\"> <h2  class=\"\"><span  style=\"font-weight: 300;\">Hier finden Sie die uns am h\u00e4ufigsten gestellten Fragen.<\/span><\/h2> <\/div> <\/div><\/div> <\/div><div  data-label=\"Overlappable\" data-id=\"overlappable--3\" data-export-id=\"overlappable-5\" data-category=\"overlappable\" class=\"overlappable-5 content-section content-section-spacing\" data-overlap=\"true\" id=\"overlappable-3\" style=\"background-color: rgb(38, 38, 38); background-image: none;\"><div  class=\"gridContainer\"> <div  data-type=\"row\" class=\"row shadow-medium bg-color-white\"><div  class=\"col-xs-12 col-sm-4 col-padding col-padding-xs bg-color-white\"> <div  class=\"row middle-sm\"><div  class=\"col-xs-12 col-sm-fit icon-column\"> <i  class=\"fa icon fa-question-circle-o color11\"><\/i><\/div> <div  data-type=\"column\" class=\"col-xs-12 col-sm v-spacing\"><h5  class=\"\"><span  style=\"font-weight: 600;\">Wie viel kostet ein Auftritt von euch?<\/span><\/h5><\/div> <\/div> <div  class=\"row\"> <div  class=\"col-xs-12 col-sm-12\" data-type=\"column\"> <p  class=\"\">Einen Preis k\u00f6nnen wir leider nicht nennen, da es viele Faktoren, wie die Besetzung, Spieldauer oder die Gr\u00f6\u00dfe der Veranstaltung gibt, die den Preis beeinflussen. F\u00fcr eine Preisanfrage schreiben Sie uns doch gerne eine Nachricht.<\/p> <\/div> <\/div><\/div> <div  class=\"col-xs-12 col-sm-4 col-padding col-padding-xs bg-color-white\"><div  class=\"row middle-sm\"> <div  class=\"col-xs-12 col-sm-fit icon-column\"><i  class=\"fa icon fa-question-circle-o color11\"><\/i><\/div> <div  data-type=\"column\" class=\"col-xs-12 col-sm v-spacing\"><h5  class=\"\"><span  style=\"font-weight: 600;\">Wie viel Platz braucht ihr?<\/span><\/h5><\/div> <\/div> <div  class=\"row\"> <div  class=\"col-xs-12 col-sm-12\" data-type=\"column\"> <p  class=\"\">Wir spielen in voller Besetzung mit f\u00fcnf Musikern. Optimal ist eine Fl\u00e4che von ca. 5 m \u00d7 3 m. Falls die Location das nicht hergeben sollte, ist das auch kein Problem. Am besten kontaktieren Sie uns, dann finden wir zusammen eine L\u00f6sung.<\/p> <\/div> <\/div><\/div> <div  class=\"col-xs-12 col-sm-4 col-padding col-padding-xs bg-color-white\"><div  class=\"row middle-sm\"> <div  class=\"col-xs-12 col-sm-fit icon-column\"><i  class=\"fa icon fa-question-circle-o color11\"><\/i><\/div> <div  data-type=\"column\" class=\"col-xs-12 col-sm v-spacing\"><h5  class=\"\"><span  style=\"font-weight: 600;\">Habt ihr eine Repertoireliste?<\/span><\/h5><\/div> <\/div> <div  class=\"row\"> <div  class=\"col-xs-12 col-sm-12\" data-type=\"column\"> <p  class=\"\">Eine Liste in tabellarischer Form haben wir nicht, aber schauen Sie doch gerne bei uns auf Instagram vorbei. Dort k\u00f6nnen Sie  sehen und h\u00f6ren, was wir spielen. Generell sind wir sehr breit aufgestellt.<\/p> <\/div> <\/div><\/div> <\/div><\/div> <\/div><div  data-label=\"Overlappable\" data-id=\"overlappable--2\" data-export-id=\"overlappable-5\" data-category=\"overlappable\" class=\"overlappable-5 content-section content-section-spacing\" data-overlap=\"true\" id=\"overlappable-2\" style=\"background-color: rgb(38, 38, 38); background-image: none;\"><div  class=\"gridContainer\"> <div  data-type=\"row\" class=\"row shadow-medium bg-color-white\"><div  class=\"col-xs-12 col-sm-4 col-padding col-padding-xs bg-color-white\"> <div  class=\"row middle-sm\"><div  class=\"col-xs-12 col-sm-fit icon-column\"> <i  class=\"fa icon fa-question-circle-o color11\"><\/i><\/div> <div  data-type=\"column\" class=\"col-xs-12 col-sm v-spacing\"><h5  class=\"\"><span  style=\"font-weight: 600;\">Wie lange braucht ihr f\u00fcr den Aufbau?<\/span><\/h5><\/div> <\/div> <div  class=\"row\"> <div  class=\"col-xs-12 col-sm-12\" data-type=\"column\"> <p  class=\"\">Nat\u00fcrlich nehmen wir R\u00fccksicht auf Ihre Veranstaltung und sind in der Regel mit allem fertig, bevor diese beginnt. Da die \u00f6rtlichen Gegebenheiten an jeder Location unterschiedlich sind, kl\u00e4ren wir diese Details in enger R\u00fccksprache mit Ihnen und koordinieren so unseren Aufbau optimal mit Ihrem Ablaufplan.<\/p> <\/div> <\/div><\/div> <div  class=\"col-xs-12 col-sm-4 col-padding col-padding-xs bg-color-white\"><div  class=\"row middle-sm\"> <div  class=\"col-xs-12 col-sm-fit icon-column\"><i  class=\"fa icon fa-question-circle-o color11\"><\/i><\/div> <div  data-type=\"column\" class=\"col-xs-12 col-sm v-spacing\"><h5  class=\"\"><span  style=\"font-weight: 600;\">Nehmt ihr auch Musikw\u00fcnsche an?<\/span><\/h5><\/div> <\/div> <div  class=\"row\"> <div  class=\"col-xs-12 col-sm-12\" data-type=\"column\"> <p  class=\"\">Wenn Sie Musikw\u00fcnsche haben, teilen Sie uns diese gerne mit und wir werden unser M\u00f6glichstes tun, um Ihren Wunschsong zu spielen. Das ist leider nicht mit allen Songs m\u00f6glich.<\/p> <\/div> <\/div><\/div> <div  class=\"col-xs-12 col-sm-4 col-padding col-padding-xs bg-color-white\"><div  class=\"row middle-sm\"> <div  class=\"col-xs-12 col-sm-fit icon-column\"><i  class=\"fa icon fa-question-circle-o color11\"><\/i><\/div> <div  data-type=\"column\" class=\"col-xs-12 col-sm v-spacing\"><h5  class=\"\"><span  style=\"font-weight: 600;\">Wie lange k\u00f6nnt ihr spielen?<\/span><\/h5><\/div> <\/div> <div  class=\"row\"> <div  class=\"col-xs-12 col-sm-12\" data-type=\"column\"> <p  class=\"\">Bei vielen Anl\u00e4ssen haben wir eine Spielzeit von f\u00fcnf Stunden, was meist f\u00fcnf Sets \u00e0 45 Minuten plus 15 Minuten Pause entspricht. Sollte diese Spielzeit nicht ausreichen, k\u00f6nnen wir Ihnen gerne eine spontane Verl\u00e4ngerung anbieten.<\/p> <\/div> <\/div><\/div> <\/div><\/div> <\/div><div  data-label=\"Overlappable\" data-id=\"overlappable--1\" data-export-id=\"overlappable-5\" data-category=\"overlappable\" class=\"overlappable-5 content-section content-section-spacing\" data-overlap=\"true\" id=\"overlappable-1\" style=\"background-color: rgb(38, 38, 38); background-image: none;\"><div  class=\"gridContainer\"> <div  data-type=\"row\" class=\"row shadow-medium bg-color-white\"><div  class=\"col-xs-12 col-sm-4 col-padding col-padding-xs bg-color-white\"> <div  class=\"row middle-sm\"><div  class=\"col-xs-12 col-sm-fit icon-column\"> <i  class=\"fa icon fa-question-circle-o color11\"><\/i><\/div> <div  data-type=\"column\" class=\"col-xs-12 col-sm v-spacing\"><h5  class=\"\"><span  style=\"font-weight: 600;\">Wie weit ist euer Einzugsgebiet?<\/span><\/h5><\/div> <\/div> <div  class=\"row\"> <div  class=\"col-xs-12 col-sm-12\" data-type=\"column\"> <p  class=\"\">Wir spielen im s\u00fcddeutschen Raum. Wir kommen aus Horb und haben keine Grenze, ab der wir nicht mehr spielen. Allerdings muss man bei gr\u00f6\u00dferen Anfahrtswegen mit zus\u00e4tzlichen Kosten wie Reisekosten oder einer \u00dcbernachtungsm\u00f6glichkeit rechnen, die wir gerne besprechen. Schreiben Sie den Veranstaltungsort doch gerne mit in die Anfrage.<\/p> <\/div> <\/div><\/div> <div  class=\"col-xs-12 col-sm-4 col-padding col-padding-xs bg-color-white\"><div  class=\"row middle-sm\"> <div  class=\"col-xs-12 col-sm-fit icon-column\"><i  class=\"fa icon fa-question-circle-o color11\"><\/i><\/div> <div  data-type=\"column\" class=\"col-xs-12 col-sm v-spacing\"><h5  class=\"\"><span  style=\"font-weight: 600;\">Wie sieht es mit der Technik aus?<\/span><\/h5><\/div> <\/div> <div  class=\"row\"> <div  class=\"col-xs-12 col-sm-12\" data-type=\"column\"> <p  class=\"\">Wir haben f\u00fcr jeden Anlass die passende Veranstaltungstechnik. Am besten ist es, wenn wir bei der Anfrage schon ein paar Eckpunkte der Veranstaltung wissen, damit wir bei der Berechnung des Angebots m\u00f6glichst genau kalkulieren k\u00f6nnen.<\/p> <\/div> <\/div><\/div> <div  class=\"col-xs-12 col-sm-4 col-padding col-padding-xs bg-color-white\"><div  class=\"row middle-sm\"> <div  class=\"col-xs-12 col-sm-fit icon-column\"><i  class=\"fa icon fa-question-circle-o color11\"><\/i><\/div> <div  data-type=\"column\" class=\"col-xs-12 col-sm v-spacing\"><h5  class=\"\"><span  style=\"font-weight: 600;\">K\u00f6nnen wir eure Technik f\u00fcr unsere Programmpunkte nutzen?<\/span><\/h5><\/div> <\/div> <div  class=\"row\"> <div  class=\"col-xs-12 col-sm-12\" data-type=\"column\"> <p  class=\"\">Ein Funkmikrofon haben wir immer dabei. Die M\u00f6glichkeit, ein 3,5mm (AUX) Kabel anzuschlie\u00dfen, besteht auch. Falls Sie unsere Anlage im Anschluss an unsere Spielzeit weiterbenutzen m\u00f6chten oder noch etwas Besonderes brauchen, dann schreiben Sie uns doch gerne.<\/p> <\/div> <\/div><\/div> <\/div><\/div> <\/div><div  data-label=\"Overlappable\" data-id=\"overlappable--4\" data-export-id=\"overlappable-5\" data-category=\"overlappable\" class=\"overlappable-5 content-section content-section-spacing\" data-overlap=\"true\" id=\"overlappable-4\" style=\"background-color: rgb(38, 38, 38); background-image: none;\"><div  class=\"gridContainer\"> <div  data-type=\"row\" class=\"row shadow-medium bg-color-white\"><div  class=\"col-xs-12 col-sm-4 col-padding col-padding-xs bg-color-white\"> <div  class=\"row middle-sm\"><div  class=\"col-xs-12 col-sm-fit icon-column\"> <i  class=\"fa icon fa-question-circle-o color11\"><\/i><\/div> <div  data-type=\"column\" class=\"col-xs-12 col-sm v-spacing\"><h5  class=\"\"><span  style=\"font-weight: 600;\">Muss man sich um Hintergrund- und Pausenmusik k\u00fcmmern?<\/span><\/h5><\/div> <\/div> <div  class=\"row\"> <div  class=\"col-xs-12 col-sm-12\" data-type=\"column\"> <p  class=\"\">Wir haben zur Veranstaltung passende Pausenmusik, wenn wir nicht spielen. Ansonsten k\u00f6nnen wir auch gerne Ihre Wunschplaylist abspielen.<\/p> <\/div> <\/div><\/div>   <div  class=\"col-xs-12 col-sm-4 col-padding col-padding-xs bg-color-white\"> <div  class=\"row middle-sm\"><div  class=\"col-xs-12 col-sm-fit icon-column\"> <i  class=\"fa icon fa-question-circle-o color11\"><\/i><\/div> <div  data-type=\"column\" class=\"col-xs-12 col-sm v-spacing\"><h5  class=\"\"><span  style=\"font-weight: 600;\">Ihre Veranstaltung passt nicht zu den genannten Kategorien?<\/span><\/h5><\/div> <\/div> <div  class=\"row\"> <div  class=\"col-xs-12 col-sm-12\" data-type=\"column\"> <p  class=\"\">Schreiben Sie uns doch gerne eine Anfrage mit Ihren Vorstellungen und wir werden einen passenden musikalischen Rahmen f\u00fcr Ihr Event finden.<\/p> <\/div> <\/div><\/div><\/div><\/div> <\/div>","protected":false},"excerpt":{"rendered":"<p>Hier finden Sie die uns am h\u00e4ufigsten gestellten Fragen. Wie viel kostet ein Auftritt von euch? Einen Preis k\u00f6nnen wir leider nicht nennen, da es viele Faktoren, wie die Besetzung, Spieldauer oder die Gr\u00f6\u00dfe der Veranstaltung gibt, die den Preis beeinflussen. F\u00fcr eine Preisanfrage schreiben Sie uns doch gerne eine Nachricht. Wie viel Platz braucht&hellip; <br \/> <a class=\"read-more\" href=\"https:\/\/soulprint-band.de\/index.php\/faq\/\">Read more<\/a><\/p>\n","protected":false},"author":2,"featured_media":0,"parent":0,"menu_order":0,"comment_status":"closed","ping_status":"closed","template":"pro\/page-templates\/full-width-page.php","meta":{"footnotes":""},"_links":{"self":[{"href":"https:\/\/soulprint-band.de\/index.php\/wp-json\/wp\/v2\/pages\/872"}],"collection":[{"href":"https:\/\/soulprint-band.de\/index.php\/wp-json\/wp\/v2\/pages"}],"about":[{"href":"https:\/\/soulprint-band.de\/index.php\/wp-json\/wp\/v2\/types\/page"}],"author":[{"embeddable":true,"href":"https:\/\/soulprint-band.de\/index.php\/wp-json\/wp\/v2\/users\/2"}],"replies":[{"embeddable":true,"href":"https:\/\/soulprint-band.de\/index.php\/wp-json\/wp\/v2\/comments?post=872"}],"version-history":[{"count":5,"href":"https:\/\/soulprint-band.de\/index.php\/wp-json\/wp\/v2\/pages\/872\/revisions"}],"predecessor-version":[{"id":1078,"href":"https:\/\/soulprint-band.de\/index.php\/wp-json\/wp\/v2\/pages\/872\/revisions\/1078"}],"wp:attachment":[{"href":"https:\/\/soulprint-band.de\/index.php\/wp-json\/wp\/v2\/media?parent=872"}],"curies":[{"name":"wp","href":"https:\/\/api.w.org\/{rel}","templated":true}]}}